{"id":4590,"date":"2026-01-19T13:15:57","date_gmt":"2026-01-19T13:15:57","guid":{"rendered":"https:\/\/jonhut.com\/?post_type=product&#038;p=4590"},"modified":"2026-03-19T10:30:51","modified_gmt":"2026-03-19T10:30:51","slug":"d-randomness","status":"publish","type":"product","link":"https:\/\/jonhut.com\/en\/product\/d-randomness\/","title":{"rendered":"D Randomness"},"content":{"rendered":"<p><span class=\"a_GcMg font-feature-liga-off font-feature-clig-off font-feature-calt-off text-decoration-none text-strikethrough-none\">D Randomness es un potente complemento desarrollado con Patcher, disponible para descarga gratuita para todos los usuarios de FL Studio. D Randomness puede hacer que tus bater\u00edas suenen m\u00e1s aut\u00e9nticas al aleatorizar, en modo SYNK o FREE, el ataque, el sustain, la ganancia o el paneo de la fuente de sonido. Tambi\u00e9n incluye un m\u00f3dulo de ruido para a\u00f1adir textura y un m\u00f3dulo de divisi\u00f3n para mantener las frecuencias bajas limpias.<\/span><\/p>","protected":false},"excerpt":{"rendered":"<ul>\n<li>\n<p data-path-to-node=\"4,0,0\"><b data-path-to-node=\"4,0,0\" data-index-in-node=\"0\">Instant Humanization:<\/b> Randomize the attack, sustain, volume, and panning of your percussion to eliminate the rigidity of programmed rhythms.<\/p>\n<\/li>\n<li>\n<p data-path-to-node=\"4,1,0\"><b data-path-to-node=\"4,1,0\" data-index-in-node=\"0\">Global and Individual Speed \u200b\u200bControl:<\/b> Synchronize the randomization rate with your project's tempo or adjust the speed of each parameter separately for complex variations.<\/p>\n<\/li>\n<li>\n<p data-path-to-node=\"4,2,0\"><b data-path-to-node=\"4,2,0\" data-index-in-node=\"0\">Intelligent Split Module:<\/b> It splits the signal into two frequency bands to protect the bass while applying randomization effects only to the mids and highs.<\/p>\n<\/li>\n<li>\n<p data-path-to-node=\"4,3,0\"><b data-path-to-node=\"4,3,0\" data-index-in-node=\"0\">Textured Noise Generator:<\/b> Add layers of white or pink noise with tension and decay controls to give character and cohesion to your snares and claps.<\/p>\n<\/li>\n<li>\n<p data-path-to-node=\"4,4,0\"><b data-path-to-node=\"4,4,0\" data-index-in-node=\"0\">Precise Transient Detection:<\/b> It includes a specific range control for working with pre-shifted samples, ensuring that the effect acts right on the hit and not before.<\/p>\n<\/li>\n<\/ul>","protected":false},"featured_media":7980,"template":"","meta":{"_gspb_post_css":"","_crdt_document":""},"product_brand":[],"product_cat":[79,80],"product_tag":[95],"class_list":{"0":"post-4590","1":"product","2":"type-product","3":"status-publish","4":"has-post-thumbnail","6":"product_cat-fl-studio","7":"product_cat-patcher-fl-studio","8":"product_tag-stock","10":"first","11":"instock","12":"downloadable","13":"virtual","14":"purchasable","15":"product-type-simple"},"jetpack_sharing_enabled":true,"_links":{"self":[{"href":"https:\/\/jonhut.com\/en\/wp-json\/wp\/v2\/product\/4590","targetHints":{"allow":["GET"]}}],"collection":[{"href":"https:\/\/jonhut.com\/en\/wp-json\/wp\/v2\/product"}],"about":[{"href":"https:\/\/jonhut.com\/en\/wp-json\/wp\/v2\/types\/product"}],"wp:featuredmedia":[{"embeddable":true,"href":"https:\/\/jonhut.com\/en\/wp-json\/wp\/v2\/media\/7980"}],"wp:attachment":[{"href":"https:\/\/jonhut.com\/en\/wp-json\/wp\/v2\/media?parent=4590"}],"wp:term":[{"taxonomy":"product_brand","embeddable":true,"href":"https:\/\/jonhut.com\/en\/wp-json\/wp\/v2\/product_brand?post=4590"},{"taxonomy":"product_cat","embeddable":true,"href":"https:\/\/jonhut.com\/en\/wp-json\/wp\/v2\/product_cat?post=4590"},{"taxonomy":"product_tag","embeddable":true,"href":"https:\/\/jonhut.com\/en\/wp-json\/wp\/v2\/product_tag?post=4590"}],"curies":[{"name":"wp","href":"https:\/\/api.w.org\/{rel}","templated":true}]}}