{"id":4604,"date":"2026-01-19T13:26:46","date_gmt":"2026-01-19T13:26:46","guid":{"rendered":"https:\/\/jonhut.com\/?post_type=product&#038;p=4604"},"modified":"2026-03-19T10:28:26","modified_gmt":"2026-03-19T10:28:26","slug":"d-bus","status":"publish","type":"product","link":"https:\/\/jonhut.com\/en\/product\/d-bus\/","title":{"rendered":"D Bus"},"content":{"rendered":"<p><span class=\"a_GcMg font-feature-liga-off font-feature-clig-off font-feature-calt-off text-decoration-none text-strikethrough-none\">D Bus est\u00e1 dise\u00f1ado para ser el \u00fanico complemento que necesita en su bus de bater\u00eda, ya que abarca el dise\u00f1o transitorio, el procesamiento paralelo, la saturaci\u00f3n, el recorte suave, la separaci\u00f3n est\u00e9reo multibanda, el ecualizador medio-lateral esencial y un m\u00f3dulo dedicado para a\u00f1adir ruido. Con D Bus, puede maximizar el rendimiento de su bater\u00eda, consolidar su bus de bater\u00eda, incrementar la pegada, elevar el volumen general y mitigar los picos.<\/span><\/p>","protected":false},"excerpt":{"rendered":"<ul>\n<li>\n<p data-path-to-node=\"4,0,0\"><b data-path-to-node=\"4,0,0\" data-index-in-node=\"0\">All-in-One Transient Control:<\/b> Shape the attack and body of your drums with a single knob, applying parallel processes of saturation and soft clipping in a musical way.<\/p>\n<\/li>\n<li>\n<p data-path-to-node=\"4,1,0\"><b data-path-to-node=\"4,1,0\" data-index-in-node=\"0\">Noise module:<\/b> Add texture and analog character with layers of white or pink noise, controlling its decay and tension to give cohesion to the rhythm.<\/p>\n<\/li>\n<li>\n<p data-path-to-node=\"4,2,0\"><b data-path-to-node=\"4,2,0\" data-index-in-node=\"0\">Essential Midside EQ:<\/b> Perform precise frequency adjustments by separating Mid information (Punch) from the Sides (Brightness\/Air) for a cleaner mix.<\/p>\n<\/li>\n<li>\n<p data-path-to-node=\"4,3,0\"><b data-path-to-node=\"4,3,0\" data-index-in-node=\"0\">Advanced Stereo Management:<\/b> Control the amplitude of low, mids and highs independently, allowing you to keep the bass in mono while opening the cymbals.<\/p>\n<\/li>\n<li>\n<p data-path-to-node=\"4,4,0\"><b data-path-to-node=\"4,4,0\" data-index-in-node=\"0\">Multiband Soft Limiting:<\/b> Maximize the loudness of your drum bus by controlling excessive peaks, ideal for preparing the signal before final mastering.<\/p>\n<\/li>\n<\/ul>","protected":false},"featured_media":7979,"template":"","meta":{"_gspb_post_css":"","_crdt_document":""},"product_brand":[],"product_cat":[79,80],"product_tag":[95],"class_list":{"0":"post-4604","1":"product","2":"type-product","3":"status-publish","4":"has-post-thumbnail","6":"product_cat-fl-studio","7":"product_cat-patcher-fl-studio","8":"product_tag-stock","10":"first","11":"instock","12":"downloadable","13":"virtual","14":"purchasable","15":"product-type-simple"},"jetpack_sharing_enabled":true,"_links":{"self":[{"href":"https:\/\/jonhut.com\/en\/wp-json\/wp\/v2\/product\/4604","targetHints":{"allow":["GET"]}}],"collection":[{"href":"https:\/\/jonhut.com\/en\/wp-json\/wp\/v2\/product"}],"about":[{"href":"https:\/\/jonhut.com\/en\/wp-json\/wp\/v2\/types\/product"}],"wp:featuredmedia":[{"embeddable":true,"href":"https:\/\/jonhut.com\/en\/wp-json\/wp\/v2\/media\/7979"}],"wp:attachment":[{"href":"https:\/\/jonhut.com\/en\/wp-json\/wp\/v2\/media?parent=4604"}],"wp:term":[{"taxonomy":"product_brand","embeddable":true,"href":"https:\/\/jonhut.com\/en\/wp-json\/wp\/v2\/product_brand?post=4604"},{"taxonomy":"product_cat","embeddable":true,"href":"https:\/\/jonhut.com\/en\/wp-json\/wp\/v2\/product_cat?post=4604"},{"taxonomy":"product_tag","embeddable":true,"href":"https:\/\/jonhut.com\/en\/wp-json\/wp\/v2\/product_tag?post=4604"}],"curies":[{"name":"wp","href":"https:\/\/api.w.org\/{rel}","templated":true}]}}