{"id":4679,"date":"2026-01-20T15:10:32","date_gmt":"2026-01-20T15:10:32","guid":{"rendered":"https:\/\/jonhut.com\/?post_type=product&#038;p=4679"},"modified":"2026-03-19T10:26:52","modified_gmt":"2026-03-19T10:26:52","slug":"mxt-collection","status":"publish","type":"product","link":"https:\/\/jonhut.com\/en\/product\/mxt-collection\/","title":{"rendered":"MXT Collection"},"content":{"rendered":"<p data-path-to-node=\"7\"><b data-path-to-node=\"7\" data-index-in-node=\"0\">The complete solution for mixing and mastering in FL Studio.<\/b><\/p>\n<p data-path-to-node=\"8\"><b data-path-to-node=\"8\" data-index-in-node=\"3\">MXT Collection<\/b> no es solo una plantilla; es un ecosistema de trabajo dise\u00f1ado para simplificar la toma de decisiones t\u00e9cnicas sin sacrificar el control profesional. El producto combina una estructura de proyecto avanzada con 10 procesadores de se\u00f1al creados espec\u00edficamente para este flujo de trabajo.<\/p>\n<p data-path-to-node=\"9\"><b data-path-to-node=\"9\" data-index-in-node=\"0\">The MXT Plugin Collection<\/b><\/p>\n<p data-path-to-node=\"9\">El paquete incluye 6 Channel Strips especializados (Kick, Snare, Cymbals, Bass, Vocal y Channel) que integran ecualizaci\u00f3n, din\u00e1mica (compresor\/puerta) y saturaci\u00f3n en una sola interfaz. Destaca el <b data-path-to-node=\"9\" data-index-in-node=\"226\">MXT Vocal<\/b>, que a\u00f1ade m\u00f3dulos de Exciter y De-esser para un tratamiento completo de la voz. Adem\u00e1s, incluye efectos de env\u00edo (Reverb y Delay) con controles de difusi\u00f3n y filtros avanzados para generar espacio y profundidad.<\/p>\n<p data-path-to-node=\"10\"><b data-path-to-node=\"10\" data-index-in-node=\"0\">Bus Architecture and Mastering<\/b><\/p>\n<p data-path-to-node=\"10\">La plantilla rutea autom\u00e1ticamente todos los elementos hacia dos buses principales: <b data-path-to-node=\"10\" data-index-in-node=\"120\">Drums Bus<\/b> y <b data-path-to-node=\"10\" data-index-in-node=\"132\">Music Bus<\/b>. En estas etapas se utiliza el <b data-path-to-node=\"10\" data-index-in-node=\"173\">MXT Bus<\/b>, un procesador con compresi\u00f3n dual (FET y \u00d3ptica), compresi\u00f3n paralela y control de transientes. El proceso culmina en el <b data-path-to-node=\"10\" data-index-in-node=\"303\">MXT Master<\/b>, un plugin final que ofrece compresi\u00f3n multibanda, saturaci\u00f3n arm\u00f3nica y limitaci\u00f3n, permitiendo alcanzar niveles comerciales con total claridad.<\/p>\n<p data-path-to-node=\"11\"><b data-path-to-node=\"11\" data-index-in-node=\"0\">Integration and Visualization<\/b><\/p>\n<p data-path-to-node=\"11\">Para facilitar la monitorizaci\u00f3n, el canal Master incorpora un rack visual con RMS, Peak Meter, Vectoroscopio (control de fase) y Tuner. La plantilla est\u00e1 optimizada para usar <i data-path-to-node=\"11\" data-index-in-node=\"204\">Samplers<\/i> en el Channel Rack, permitiendo aprovechar las envolventes y LFOs nativos de FL Studio.<\/p>\n<p data-path-to-node=\"12\"><b data-path-to-node=\"12\" data-index-in-node=\"0\">Product Content:<\/b><\/p>\n<ul data-path-to-node=\"13\">\n<li>\n<p data-path-to-node=\"13,0,0\"><b data-path-to-node=\"13,0,0\" data-index-in-node=\"0\">MXT Collection:<\/b> 10 plugins designed with Patcher (compatible with all versions of FL Studio).<\/p>\n<\/li>\n<li>\n<p data-path-to-node=\"13,1,0\"><b data-path-to-node=\"13,1,0\" data-index-in-node=\"0\">MXT Template:<\/b> Pre-configured project with bus routing, effects sends and visualizers.<\/p>\n<\/li>\n<li>\n<p data-path-to-node=\"13,2,0\"><b data-path-to-node=\"13,2,0\" data-index-in-node=\"0\">MXT Theme:<\/b> Custom visual theme for a fully integrated user experience.<\/p>\n<\/li>\n<\/ul>","protected":false},"excerpt":{"rendered":"<ul>\n<li>\n<p data-path-to-node=\"4,0,0\"><b data-path-to-node=\"4,0,0\" data-index-in-node=\"0\">Suite of 10 Custom Plugins:<\/b> It includes the complete MXT collection (Channel Strips, Reverb, Delay, Bus and Master) designed to cover all stages of the mixing process.<\/p>\n<\/li>\n<li>\n<p data-path-to-node=\"4,1,0\"><b data-path-to-node=\"4,1,0\" data-index-in-node=\"0\">Hierarchical Mixing Workflow:<\/b> Organized template with intelligent routing to group buses (Drums and Music) and a master bus optimized for a cohesive mix.<\/p>\n<\/li>\n<li>\n<p data-path-to-node=\"4,2,0\"><b data-path-to-node=\"4,2,0\" data-index-in-node=\"0\">Instrument-Specific Processing:<\/b> Dedicated plugins for Kick, Snare, Vocals, and more, featuring pre-set EQ curves and compression for every sound source.<\/p>\n<\/li>\n<li>\n<p data-path-to-node=\"4,3,0\"><b data-path-to-node=\"4,3,0\" data-index-in-node=\"0\">3-Stage Master Control:<\/b> The MXT Master plugin allows you to manage Clarity, Loudness and final signal control from a single intuitive interface.<\/p>\n<\/li>\n<li>\n<p data-path-to-node=\"4,4,0\"><b data-path-to-node=\"4,4,0\" data-index-in-node=\"0\">Complete Visual Customization:<\/b> It includes an exclusive visual theme for FL Studio that unifies the aesthetics of the DAW with those of the plugins in the collection.<\/p>\n<\/li>\n<\/ul>","protected":false},"featured_media":7977,"template":"","meta":{"_gspb_post_css":"","_crdt_document":""},"product_brand":[90],"product_cat":[79,80],"product_tag":[95],"class_list":{"0":"post-4679","1":"product","2":"type-product","3":"status-publish","4":"has-post-thumbnail","6":"product_brand-fl-studio","7":"product_cat-fl-studio","8":"product_cat-patcher-fl-studio","9":"product_tag-stock","10":"pa_gratis-plantillas","12":"first","13":"instock","14":"downloadable","15":"virtual","16":"purchasable","17":"product-type-simple"},"jetpack_sharing_enabled":true,"_links":{"self":[{"href":"https:\/\/jonhut.com\/en\/wp-json\/wp\/v2\/product\/4679","targetHints":{"allow":["GET"]}}],"collection":[{"href":"https:\/\/jonhut.com\/en\/wp-json\/wp\/v2\/product"}],"about":[{"href":"https:\/\/jonhut.com\/en\/wp-json\/wp\/v2\/types\/product"}],"wp:featuredmedia":[{"embeddable":true,"href":"https:\/\/jonhut.com\/en\/wp-json\/wp\/v2\/media\/7977"}],"wp:attachment":[{"href":"https:\/\/jonhut.com\/en\/wp-json\/wp\/v2\/media?parent=4679"}],"wp:term":[{"taxonomy":"product_brand","embeddable":true,"href":"https:\/\/jonhut.com\/en\/wp-json\/wp\/v2\/product_brand?post=4679"},{"taxonomy":"product_cat","embeddable":true,"href":"https:\/\/jonhut.com\/en\/wp-json\/wp\/v2\/product_cat?post=4679"},{"taxonomy":"product_tag","embeddable":true,"href":"https:\/\/jonhut.com\/en\/wp-json\/wp\/v2\/product_tag?post=4679"}],"curies":[{"name":"wp","href":"https:\/\/api.w.org\/{rel}","templated":true}]}}